{"id":379,"date":"2019-12-28T10:57:47","date_gmt":"2019-12-28T18:57:47","guid":{"rendered":"https:\/\/bacgg.org\/?page_id=379"},"modified":"2019-12-31T14:30:14","modified_gmt":"2019-12-31T22:30:14","slug":"chan-surname-sig","status":"publish","type":"page","link":"https:\/\/bacgg.org\/index.php\/chan-surname-sig\/","title":{"rendered":"Chan Surname SIG"},"content":{"rendered":"\n<p class=\"has-background has-medium-font-size has-very-light-gray-background-color\"><a href=\"https:\/\/bacgg.org\/index.php\/2019\/12\/20\/chan-china-roots-journal\/\"><strong>Chan China Roots Journal<\/strong><\/a><\/p>\n\n\n\n<p>This journal chronicles the trek made to:<\/p>\n\n\n\n<ul class=\"wp-block-list\"><li>Chan Family Heritage Village Temple where I put my grandfather\u2019s name on the temple walls and secured the Chan Zupu for Guangdong<\/li><li>Tomb and Memorial of Chen Feng Tai, the Chen progenitor in Guangdong<\/li><li>Chen Mo Temple, the eldest son of Chan Feng Tai the progenitor of the Toishan and Chungshan region.<\/li><li>Mil Til, the Chan ancestral village to secure my jiapu as the first emissary from America in 117 years<\/li><\/ul>\n\n\n\n<p>This can also be used as an example of documenting your family history using techniques like photo layering, word wrapping, tables to create photo montages and more. <\/p>\n\n\n\n<div class=\"wp-block-file\"><a href=\"https:\/\/bacgg.org\/wp-content\/uploads\/2019\/12\/Chan-China-Roots-Journal-2018-June-2019-Screen-Resolution-1.pdf\">Chan-China-Roots-Journal-2018-June-2019-Screen-Resolution<\/a><a href=\"https:\/\/bacgg.org\/wp-content\/uploads\/2019\/12\/Chan-China-Roots-Journal-2018-June-2019-Screen-Resolution-1.pdf\" class=\"wp-block-file__button\" download>Download<\/a><\/div>\n\n\n\n<div class=\"wp-block-image\"><figure class=\"aligncenter size-large is-resized\"><img loading=\"lazy\" decoding=\"async\" src=\"https:\/\/bacgg.org\/wp-content\/uploads\/2019\/12\/Chan-China-Roots-Journal-Cover-Page.jpg\" alt=\"\" class=\"wp-image-211\" width=\"319\" height=\"416\"\/><\/figure><\/div>\n\n\n\n<p class=\"has-background has-medium-font-size has-very-light-gray-background-color\"><a href=\"https:\/\/bacgg.org\/index.php\/2019\/12\/20\/chen-feng-tai-chen-guangzhou-progenitor-and-his-7-sons\/\"><strong>Photos: Chen Feng Tai \u2013 Chen Guangzhou Progenitor and his 7 Sons<\/strong><\/a><\/p>\n\n\n\n<p>From Chen historian, Gene Chin, from his presentation, \u201cChen Genealogy and Lineage\u201d.<\/p>\n\n\n\n<p>If your Chen family had its roots in Guangdong, it is likely you are descended from one of the seven sons of Chen Feng Tai. Once you can establish your village linage, sometimes through the generational poem to one of Feng Tai\u2019s seven sons, then you have linkage to his father that is clearly documented to Huangdi, the Yellow Emperor \u2026 the first emperor of China.<\/p>\n\n\n\n<figure class=\"wp-block-gallery columns-3 is-cropped wp-block-gallery-1 is-layout-flex wp-block-gallery-is-layout-flex\"><ul class=\"blocks-gallery-grid\"><li class=\"blocks-gallery-item\"><figure><img loading=\"lazy\" decoding=\"async\" width=\"825\" height=\"1100\" src=\"https:\/\/bacgg.org\/wp-content\/uploads\/2019\/12\/Huangdi-Yellow-Emperor.png\" alt=\"\" data-id=\"198\" data-full-url=\"https:\/\/bacgg.org\/wp-content\/uploads\/2019\/12\/Huangdi-Yellow-Emperor.png\" data-link=\"https:\/\/bacgg.org\/index.php\/2019\/12\/20\/chen-feng-tai-chen-guangzhou-progenitor-and-his-7-sons\/huangdi-yellow-emperor\/#main\" class=\"wp-image-198\"\/><figcaption class=\"blocks-gallery-item__caption\">Huanqdi &#8211; Yellow Emperor<\/figcaption><\/figure><\/li><li class=\"blocks-gallery-item\"><figure><img loading=\"lazy\" decoding=\"async\" width=\"200\" height=\"228\" src=\"https:\/\/bacgg.org\/wp-content\/uploads\/2019\/12\/\u9673\u9cf3\u81fa-Ch\u00e9n-F\u00e8ngt\u00e1i-Progenitor.png\" alt=\"\" data-id=\"199\" data-full-url=\"https:\/\/bacgg.org\/wp-content\/uploads\/2019\/12\/\u9673\u9cf3\u81fa-Ch\u00e9n-F\u00e8ngt\u00e1i-Progenitor.png\" data-link=\"https:\/\/bacgg.org\/index.php\/2019\/12\/20\/chen-feng-tai-chen-guangzhou-progenitor-and-his-7-sons\/%e9%99%b3%e9%b3%b3%e8%87%ba-chen-fengtai-progenitor\/#main\" class=\"wp-image-199\"\/><figcaption class=\"blocks-gallery-item__caption\">Chen Fengtai<\/figcaption><\/figure><\/li><li class=\"blocks-gallery-item\"><figure><img loading=\"lazy\" decoding=\"async\" width=\"136\" height=\"183\" src=\"https:\/\/bacgg.org\/wp-content\/uploads\/2019\/12\/\u8b28-M\u00f3-1st-Son.png\" alt=\"\" data-id=\"200\" data-full-url=\"https:\/\/bacgg.org\/wp-content\/uploads\/2019\/12\/\u8b28-M\u00f3-1st-Son.png\" data-link=\"https:\/\/bacgg.org\/index.php\/2019\/12\/20\/chen-feng-tai-chen-guangzhou-progenitor-and-his-7-sons\/%e8%ac%a8-mo-1st-son\/#main\" class=\"wp-image-200\"\/><figcaption class=\"blocks-gallery-item__caption\">Mo &#8211; First Son<\/figcaption><\/figure><\/li><li class=\"blocks-gallery-item\"><figure><img loading=\"lazy\" decoding=\"async\" width=\"134\" height=\"180\" src=\"https:\/\/bacgg.org\/wp-content\/uploads\/2019\/12\/\u5ba3-Xu\u0101n-2nd-Son.png\" alt=\"\" data-id=\"201\" data-full-url=\"https:\/\/bacgg.org\/wp-content\/uploads\/2019\/12\/\u5ba3-Xu\u0101n-2nd-Son.png\" data-link=\"https:\/\/bacgg.org\/index.php\/2019\/12\/20\/chen-feng-tai-chen-guangzhou-progenitor-and-his-7-sons\/%e5%ae%a3-xuan-2nd-son\/#main\" class=\"wp-image-201\"\/><figcaption class=\"blocks-gallery-item__caption\">Xuan, Second Son<\/figcaption><\/figure><\/li><li class=\"blocks-gallery-item\"><figure><img loading=\"lazy\" decoding=\"async\" width=\"136\" height=\"183\" src=\"https:\/\/bacgg.org\/wp-content\/uploads\/2019\/12\/\u82f1-Y\u012bng-3rd-son.png\" alt=\"\" data-id=\"202\" data-full-url=\"https:\/\/bacgg.org\/wp-content\/uploads\/2019\/12\/\u82f1-Y\u012bng-3rd-son.png\" data-link=\"https:\/\/bacgg.org\/index.php\/2019\/12\/20\/chen-feng-tai-chen-guangzhou-progenitor-and-his-7-sons\/%e8%8b%b1-ying-3rd-son\/#main\" class=\"wp-image-202\"\/><figcaption class=\"blocks-gallery-item__caption\">Ying, Third Son<\/figcaption><\/figure><\/li><li class=\"blocks-gallery-item\"><figure><img loading=\"lazy\" decoding=\"async\" width=\"130\" height=\"174\" src=\"https:\/\/bacgg.org\/wp-content\/uploads\/2019\/12\/\u958f-R\u00f9n-4th-son.png\" alt=\"\" data-id=\"203\" data-full-url=\"https:\/\/bacgg.org\/wp-content\/uploads\/2019\/12\/\u958f-R\u00f9n-4th-son.png\" data-link=\"https:\/\/bacgg.org\/index.php\/2019\/12\/20\/chen-feng-tai-chen-guangzhou-progenitor-and-his-7-sons\/%e9%96%8f-run-4th-son\/#main\" class=\"wp-image-203\"\/><figcaption class=\"blocks-gallery-item__caption\">Run, Fourth Son<\/figcaption><\/figure><\/li><li class=\"blocks-gallery-item\"><figure><img loading=\"lazy\" decoding=\"async\" width=\"136\" height=\"183\" src=\"https:\/\/bacgg.org\/wp-content\/uploads\/2019\/12\/\u6137-K\u01cei-5h-son.png\" alt=\"\" data-id=\"204\" data-full-url=\"https:\/\/bacgg.org\/wp-content\/uploads\/2019\/12\/\u6137-K\u01cei-5h-son.png\" data-link=\"https:\/\/bacgg.org\/index.php\/2019\/12\/20\/chen-feng-tai-chen-guangzhou-progenitor-and-his-7-sons\/%e6%84%b7-kai-5h-son\/#main\" class=\"wp-image-204\"\/><figcaption class=\"blocks-gallery-item__caption\">Kai, Fifth Son<\/figcaption><\/figure><\/li><li class=\"blocks-gallery-item\"><figure><img loading=\"lazy\" decoding=\"async\" width=\"136\" height=\"183\" src=\"https:\/\/bacgg.org\/wp-content\/uploads\/2019\/12\/\u5716-T\u00fa-6th-son.png\" alt=\"\" data-id=\"205\" data-full-url=\"https:\/\/bacgg.org\/wp-content\/uploads\/2019\/12\/\u5716-T\u00fa-6th-son.png\" data-link=\"https:\/\/bacgg.org\/index.php\/2019\/12\/20\/chen-feng-tai-chen-guangzhou-progenitor-and-his-7-sons\/%e5%9c%96-tu-6th-son\/#main\" class=\"wp-image-205\"\/><figcaption class=\"blocks-gallery-item__caption\">Tu, Sixth Son<\/figcaption><\/figure><\/li><li class=\"blocks-gallery-item\"><figure><img loading=\"lazy\" decoding=\"async\" width=\"136\" height=\"183\" src=\"https:\/\/bacgg.org\/wp-content\/uploads\/2019\/12\/\u4ec1-R\u00e9n-7th-Son.png\" alt=\"\" data-id=\"206\" data-full-url=\"https:\/\/bacgg.org\/wp-content\/uploads\/2019\/12\/\u4ec1-R\u00e9n-7th-Son.png\" data-link=\"https:\/\/bacgg.org\/index.php\/2019\/12\/20\/chen-feng-tai-chen-guangzhou-progenitor-and-his-7-sons\/%e4%bb%81-ren-7th-son\/#main\" class=\"wp-image-206\"\/><figcaption class=\"blocks-gallery-item__caption\">Ren, Seventh Son<\/figcaption><\/figure><\/li><\/ul><\/figure>\n\n\n\n<p><\/p>\n\n\n\n<p class=\"has-background has-medium-font-size has-very-light-gray-background-color\"><a href=\"https:\/\/bacgg.org\/index.php\/2019\/12\/20\/chan-surname-characters-traditional-ancient-and-stylized\/\"><strong>Characters: Chan Surname \u2013 Traditional, Ancient and Stylized<\/strong><\/a><\/p>\n\n\n\n<figure class=\"wp-block-gallery columns-3 is-cropped wp-block-gallery-2 is-layout-flex wp-block-gallery-is-layout-flex\"><ul class=\"blocks-gallery-grid\"><li class=\"blocks-gallery-item\"><figure><img loading=\"lazy\" decoding=\"async\" width=\"477\" height=\"477\" src=\"https:\/\/bacgg.org\/wp-content\/uploads\/2019\/12\/Picture1.png\" alt=\"\" data-id=\"183\" data-full-url=\"https:\/\/bacgg.org\/wp-content\/uploads\/2019\/12\/Picture1.png\" data-link=\"https:\/\/bacgg.org\/index.php\/2019\/12\/20\/chan-surname-characters-traditional-ancient-and-stylized\/picture1\/#main\" class=\"wp-image-183\"\/><figcaption class=\"blocks-gallery-item__caption\">Chan<\/figcaption><\/figure><\/li><li class=\"blocks-gallery-item\"><figure><img loading=\"lazy\" decoding=\"async\" width=\"150\" height=\"180\" src=\"https:\/\/bacgg.org\/wp-content\/uploads\/2019\/12\/Picture3.png\" alt=\"\" data-id=\"185\" data-full-url=\"https:\/\/bacgg.org\/wp-content\/uploads\/2019\/12\/Picture3.png\" data-link=\"https:\/\/bacgg.org\/index.php\/2019\/12\/20\/chan-surname-characters-traditional-ancient-and-stylized\/picture3\/#main\" class=\"wp-image-185\"\/><figcaption class=\"blocks-gallery-item__caption\">Bronze Writing<\/figcaption><\/figure><\/li><li class=\"blocks-gallery-item\"><figure><img loading=\"lazy\" decoding=\"async\" width=\"403\" height=\"500\" src=\"https:\/\/bacgg.org\/wp-content\/uploads\/2019\/12\/Picture2.png\" alt=\"\" data-id=\"184\" data-full-url=\"https:\/\/bacgg.org\/wp-content\/uploads\/2019\/12\/Picture2.png\" data-link=\"https:\/\/bacgg.org\/index.php\/2019\/12\/20\/chan-surname-characters-traditional-ancient-and-stylized\/picture2\/#main\" class=\"wp-image-184\"\/><figcaption class=\"blocks-gallery-item__caption\">Oracle Bone Script\n\nBronze Writing\n<\/figcaption><\/figure><\/li><li class=\"blocks-gallery-item\"><figure><img loading=\"lazy\" decoding=\"async\" width=\"395\" height=\"500\" src=\"https:\/\/bacgg.org\/wp-content\/uploads\/2019\/12\/Picture4.png\" alt=\"\" data-id=\"186\" data-full-url=\"https:\/\/bacgg.org\/wp-content\/uploads\/2019\/12\/Picture4.png\" data-link=\"https:\/\/bacgg.org\/index.php\/2019\/12\/20\/chan-surname-characters-traditional-ancient-and-stylized\/picture4\/#main\" class=\"wp-image-186\"\/><\/figure><\/li><li class=\"blocks-gallery-item\"><figure><img loading=\"lazy\" decoding=\"async\" width=\"500\" height=\"500\" src=\"https:\/\/bacgg.org\/wp-content\/uploads\/2019\/12\/Picture5.png\" alt=\"\" data-id=\"187\" data-full-url=\"https:\/\/bacgg.org\/wp-content\/uploads\/2019\/12\/Picture5.png\" data-link=\"https:\/\/bacgg.org\/index.php\/2019\/12\/20\/chan-surname-characters-traditional-ancient-and-stylized\/picture5\/#main\" class=\"wp-image-187\"\/><figcaption class=\"blocks-gallery-item__caption\">Red Seal<\/figcaption><\/figure><\/li><li class=\"blocks-gallery-item\"><figure><img loading=\"lazy\" decoding=\"async\" width=\"217\" height=\"290\" src=\"https:\/\/bacgg.org\/wp-content\/uploads\/2019\/12\/Picture6.png\" alt=\"\" data-id=\"188\" data-full-url=\"https:\/\/bacgg.org\/wp-content\/uploads\/2019\/12\/Picture6.png\" data-link=\"https:\/\/bacgg.org\/index.php\/2019\/12\/20\/chan-surname-characters-traditional-ancient-and-stylized\/picture6\/#main\" class=\"wp-image-188\"\/><figcaption class=\"blocks-gallery-item__caption\">Clerical Script (Traditional Chinese)<\/figcaption><\/figure><\/li><li class=\"blocks-gallery-item\"><figure><img loading=\"lazy\" decoding=\"async\" width=\"226\" height=\"292\" src=\"https:\/\/bacgg.org\/wp-content\/uploads\/2019\/12\/Picture7.png\" alt=\"\" data-id=\"189\" data-full-url=\"https:\/\/bacgg.org\/wp-content\/uploads\/2019\/12\/Picture7.png\" data-link=\"https:\/\/bacgg.org\/index.php\/2019\/12\/20\/chan-surname-characters-traditional-ancient-and-stylized\/picture7\/#main\" class=\"wp-image-189\"\/><figcaption class=\"blocks-gallery-item__caption\">Cursive Script (Traditional Chinese)<\/figcaption><\/figure><\/li><li class=\"blocks-gallery-item\"><figure><img loading=\"lazy\" decoding=\"async\" width=\"298\" height=\"298\" src=\"https:\/\/bacgg.org\/wp-content\/uploads\/2019\/12\/Picture8.png\" alt=\"\" data-id=\"190\" data-full-url=\"https:\/\/bacgg.org\/wp-content\/uploads\/2019\/12\/Picture8.png\" data-link=\"https:\/\/bacgg.org\/index.php\/2019\/12\/20\/chan-surname-characters-traditional-ancient-and-stylized\/picture8\/#main\" class=\"wp-image-190\"\/><figcaption class=\"blocks-gallery-item__caption\">Regular Script<\/figcaption><\/figure><\/li><li class=\"blocks-gallery-item\"><figure><img loading=\"lazy\" decoding=\"async\" width=\"177\" height=\"179\" src=\"https:\/\/bacgg.org\/wp-content\/uploads\/2019\/12\/Picture9.png\" alt=\"\" data-id=\"191\" data-full-url=\"https:\/\/bacgg.org\/wp-content\/uploads\/2019\/12\/Picture9.png\" data-link=\"https:\/\/bacgg.org\/index.php\/2019\/12\/20\/chan-surname-characters-traditional-ancient-and-stylized\/picture9\/#main\" class=\"wp-image-191\"\/><figcaption class=\"blocks-gallery-item__caption\">Chen Tuteng (totem, coat of arms)<\/figcaption><\/figure><\/li><li class=\"blocks-gallery-item\"><figure><img loading=\"lazy\" decoding=\"async\" width=\"500\" height=\"500\" src=\"https:\/\/bacgg.org\/wp-content\/uploads\/2019\/12\/Picture10.png\" alt=\"\" data-id=\"192\" data-full-url=\"https:\/\/bacgg.org\/wp-content\/uploads\/2019\/12\/Picture10.png\" data-link=\"https:\/\/bacgg.org\/index.php\/2019\/12\/20\/chan-surname-characters-traditional-ancient-and-stylized\/picture10\/#main\" class=\"wp-image-192\"\/><figcaption class=\"blocks-gallery-item__caption\">Dragon style, painted by Zhao Zeming<\/figcaption><\/figure><\/li><li class=\"blocks-gallery-item\"><figure><img loading=\"lazy\" decoding=\"async\" width=\"935\" height=\"1091\" src=\"https:\/\/bacgg.org\/wp-content\/uploads\/2019\/12\/Picture11.png\" alt=\"\" data-id=\"193\" data-full-url=\"https:\/\/bacgg.org\/wp-content\/uploads\/2019\/12\/Picture11.png\" data-link=\"https:\/\/bacgg.org\/index.php\/2019\/12\/20\/chan-surname-characters-traditional-ancient-and-stylized\/picture11\/#main\" class=\"wp-image-193\"\/><figcaption class=\"blocks-gallery-item__caption\">Phoenix style<\/figcaption><\/figure><\/li><\/ul><\/figure>\n\n\n\n<p class=\"has-background has-medium-font-size has-very-light-gray-background-color\"><a href=\"https:\/\/bacgg.org\/index.php\/2019\/12\/20\/chen-history-synopsis\/\"><strong>Chen History Synopsis<\/strong><\/a><\/p>\n\n\n\n<p>With thanks to John Jue with for this contribution.<\/p>\n\n\n\n<p>Chen is comprised of two Chinese word characters. The left radical represents an \u201cear;\u201d while the right radical is a word for \u201ceast.\u201d  When the two radicals are combined to form our surname, it may be interpreted as \u201cListening to the East.\u201d<\/p>\n\n\n\n<p>Our roots were planted in the Far East in the land called \u201cMiddle Kingdom.\u201d Shundi, who was the nine generation descendant of Huangdi, was the seminal primogenitor. The Kingdom of Chen was established by Chen Hugong in the inaugural years of the Zhou Dynasty. In a span of nearly seven hundred fifty years, the Chen clan grew during the Spring and Autumn Period of Chinese History. Confucius lived in the Kingdom of Chen as recorded in the classical text: Records of the Grand Historian.<\/p>\n\n\n\n<p>A local Han Dynasty magistrate, Chen Shi, stood out as a \u201cBeacon.\u201d He served as a benchmark common ancestor for genealogy tracking. His direct lineal descendants were highly accomplished individuals. Some were advisers to Cao-Cao during the \u201cThree Kingdom\u201d turmoil. Others were military generals to Cao-Cao\u2019s successors. Chen Shi is highly respected among Chen\u2019s in China, Taiwan, and United States as well as other countries. The Chen Dynasty was established during the Southern and<br> Northern Dynasties period. It lasted a brief 32 years before the Golden Age of the Tang Dynasty. We<br> could not corroborate that our lineage included the second and third emperor, despite claims to the<br> contrary.<\/p>\n\n\n\n<p>A northern military-governor was exiled to Southern China in the Soong Dynasty. Chen Hu and his entourage crossed over the Yangtze River to Fujian. His descendant, Chen Wen, settled down as the primogenitor of Guangdong Chen\u2019s. Three generations later, Chen Hui, who had seven sons, all migrated to different locations in the southern region called Guzhou; and the clan settled in an area of what is now Taishan.<\/p>\n\n\n\n<p>The seven brothers were considered genealogic benchmarks for the Guangdong Chen\u2019s. They were, as follows: Mo, Xuan, Ying, Kai, Run, Tu, and Ren. The four older sons held the equivalent of a doctoral degree as \u201cJinshi\u201d by passing the imperial examination. We are descendants of one of these Chen brothers.<\/p>\n\n\n\n<p><\/p>\n\n\n\n<div class=\"wp-block-image\"><figure class=\"aligncenter size-large is-resized\"><img loading=\"lazy\" decoding=\"async\" src=\"https:\/\/bacgg.org\/wp-content\/uploads\/2019\/12\/Picture1.png\" alt=\"\" class=\"wp-image-183\" width=\"239\" height=\"239\"\/><figcaption>Chan<\/figcaption><\/figure><\/div>\n\n\n\n<p><\/p>\n","protected":false},"excerpt":{"rendered":"<p>Chan China Roots Journal This journal chronicles the trek made to: Chan Family Heritage Village Temple where I put my grandfather\u2019s name on the temple walls and secured the Chan Zupu for Guangdong Tomb and Memorial of Chen Feng Tai, the Chen progenitor in Guangdong Chen Mo Temple, the eldest son of Chan Feng Tai &#8230; <a title=\"Chan Surname SIG\" class=\"read-more\" href=\"https:\/\/bacgg.org\/index.php\/chan-surname-sig\/\" aria-label=\"Read more about Chan Surname SIG\">Read more<\/a><\/p>\n","protected":false},"author":2,"featured_media":0,"parent":0,"menu_order":0,"comment_status":"open","ping_status":"closed","template":"","meta":{"_exactmetrics_skip_tracking":false,"_exactmetrics_sitenote_active":false,"_exactmetrics_sitenote_note":"","_exactmetrics_sitenote_category":0,"footnotes":""},"class_list":["post-379","page","type-page","status-publish"],"_links":{"self":[{"href":"https:\/\/bacgg.org\/index.php\/wp-json\/wp\/v2\/pages\/379","targetHints":{"allow":["GET"]}}],"collection":[{"href":"https:\/\/bacgg.org\/index.php\/wp-json\/wp\/v2\/pages"}],"about":[{"href":"https:\/\/bacgg.org\/index.php\/wp-json\/wp\/v2\/types\/page"}],"author":[{"embeddable":true,"href":"https:\/\/bacgg.org\/index.php\/wp-json\/wp\/v2\/users\/2"}],"replies":[{"embeddable":true,"href":"https:\/\/bacgg.org\/index.php\/wp-json\/wp\/v2\/comments?post=379"}],"version-history":[{"count":5,"href":"https:\/\/bacgg.org\/index.php\/wp-json\/wp\/v2\/pages\/379\/revisions"}],"predecessor-version":[{"id":599,"href":"https:\/\/bacgg.org\/index.php\/wp-json\/wp\/v2\/pages\/379\/revisions\/599"}],"wp:attachment":[{"href":"https:\/\/bacgg.org\/index.php\/wp-json\/wp\/v2\/media?parent=379"}],"curies":[{"name":"wp","href":"https:\/\/api.w.org\/{rel}","templated":true}]}}